{"id":113,"date":"2015-10-22T14:34:37","date_gmt":"2015-10-22T14:34:37","guid":{"rendered":"https:\/\/test.kriesi.at\/construction\/?page_id=113"},"modified":"2023-08-14T23:12:14","modified_gmt":"2023-08-14T23:12:14","slug":"architecture","status":"publish","type":"page","link":"https:\/\/arkan-group.de\/rb\/service\/architecture\/","title":{"rendered":"Vorplanung und Planung"},"content":{"rendered":"<div  class='avia-slideshow av-413idt-457b2c921462de600bf48f869bfff01c avia-slideshow-featured_large av_slideshow avia-fade-slider  avia-builder-el-0  el_before_av_one_full  avia-builder-el-first  av-slideshow-ui av-control-hidden av-no-slider-navigation av-hide-nav-arrows av-slideshow-autoplay av-loop-endless av-loop-manual-endless av-default-height-applied avia-slideshow-1' data-slideshow-options=\"{&quot;animation&quot;:&quot;fade&quot;,&quot;autoplay&quot;:true,&quot;loop_autoplay&quot;:&quot;endless&quot;,&quot;interval&quot;:5,&quot;loop_manual&quot;:&quot;manual-endless&quot;,&quot;autoplay_stopper&quot;:false,&quot;noNavigation&quot;:true,&quot;bg_slider&quot;:false,&quot;keep_padding&quot;:false,&quot;hoverpause&quot;:false,&quot;show_slide_delay&quot;:0}\"  itemprop=\"image\" itemscope=\"itemscope\" itemtype=\"https:\/\/schema.org\/ImageObject\" ><ul class='avia-slideshow-inner ' style='padding-bottom: 42%;'><li  class='avia-slideshow-slide av-413idt-457b2c921462de600bf48f869bfff01c__0  slide-1 slide-odd'><div data-rel='slideshow-1' class='avia-slide-wrap '   ><img decoding=\"async\" class=\"wp-image-83 avia-img-lazy-loading-not-83\"  src=\"https:\/\/arkan-group.de\/rb\/wp-content\/uploads\/2015\/10\/scale-ruler-on-blueprints-1500x630.jpg\" width=\"1500\" height=\"630\" title='Scale Ruler on Blueprints' alt=''  itemprop=\"thumbnailUrl\"   \/><\/div><\/li><li  class='avia-slideshow-slide av-413idt-457b2c921462de600bf48f869bfff01c__1  slide-2 slide-even'><div data-rel='slideshow-1' class='avia-slide-wrap '   ><img decoding=\"async\" class=\"wp-image-87 avia-img-lazy-loading-not-87\"  src=\"https:\/\/arkan-group.de\/rb\/wp-content\/uploads\/2015\/10\/team-banner2.jpg\" width=\"1500\" height=\"630\" title='team-banner2' alt=''  itemprop=\"thumbnailUrl\" srcset=\"https:\/\/arkan-group.de\/rb\/wp-content\/uploads\/2015\/10\/team-banner2.jpg 1500w, https:\/\/arkan-group.de\/rb\/wp-content\/uploads\/2015\/10\/team-banner2-300x126.jpg 300w, https:\/\/arkan-group.de\/rb\/wp-content\/uploads\/2015\/10\/team-banner2-1030x433.jpg 1030w, https:\/\/arkan-group.de\/rb\/wp-content\/uploads\/2015\/10\/team-banner2-768x323.jpg 768w, https:\/\/arkan-group.de\/rb\/wp-content\/uploads\/2015\/10\/team-banner2-705x296.jpg 705w\" sizes=\"(max-width: 1500px) 100vw, 1500px\" \/><\/div><\/li><li  class='avia-slideshow-slide av-413idt-457b2c921462de600bf48f869bfff01c__2  slide-3 slide-odd'><div data-rel='slideshow-1' class='avia-slide-wrap '   ><img decoding=\"async\" class=\"wp-image-100 avia-img-lazy-loading-not-100\"  src=\"https:\/\/arkan-group.de\/rb\/wp-content\/uploads\/2015\/10\/house-interior-1500x630.jpg\" width=\"1500\" height=\"630\" title='House interior' alt=''  itemprop=\"thumbnailUrl\"   \/><\/div><\/li><\/ul><div class='avia-slideshow-arrows avia-slideshow-controls' ><a href='#prev' class='prev-slide ' aria-hidden='true' data-av_icon='\ue87c' data-av_iconfont='entypo-fontello'  tabindex='-1'>Zur\u00fcck<\/a><a href='#next' class='next-slide ' aria-hidden='true' data-av_icon='\ue87d' data-av_iconfont='entypo-fontello'  tabindex='-1'>Weiter<\/a><\/div><\/div>\n\n<style type=\"text\/css\" data-created_by=\"avia_inline_auto\" id=\"style-css-av-c2zt5-c676e695ad3b5a38add0aedbed6c9f94\">\n#top .flex_column.av-c2zt5-c676e695ad3b5a38add0aedbed6c9f94{\nmargin-top:0px;\nmargin-bottom:0px;\n}\n.flex_column.av-c2zt5-c676e695ad3b5a38add0aedbed6c9f94{\nborder-radius:0px 0px 0px 0px;\npadding:0px 0px 0px 0px;\n}\n.responsive #top #wrap_all .flex_column.av-c2zt5-c676e695ad3b5a38add0aedbed6c9f94{\nmargin-top:0px;\nmargin-bottom:0px;\n}\n<\/style>\n<div  class='flex_column av-c2zt5-c676e695ad3b5a38add0aedbed6c9f94 av_one_full  avia-builder-el-1  el_after_av_slideshow  el_before_av_one_full  first flex_column_div av-animated-generic bottom-to-top av-zero-column-padding  '     ><p>\n<style type=\"text\/css\" data-created_by=\"avia_inline_auto\" id=\"style-css-av-3b2byh-9dbc2cc8c980e4f10095e0428c8b6595\">\n#top .av-special-heading.av-3b2byh-9dbc2cc8c980e4f10095e0428c8b6595{\npadding-bottom:0;\n}\nbody .av-special-heading.av-3b2byh-9dbc2cc8c980e4f10095e0428c8b6595 .av-special-heading-tag .heading-char{\nfont-size:25px;\n}\n.av-special-heading.av-3b2byh-9dbc2cc8c980e4f10095e0428c8b6595 .av-subheading{\nfont-size:15px;\n}\n<\/style>\n<div  class='av-special-heading av-3b2byh-9dbc2cc8c980e4f10095e0428c8b6595 av-special-heading-h2 blockquote modern-quote  avia-builder-el-2  el_before_av_hr  avia-builder-el-first '><h2 class='av-special-heading-tag'  itemprop=\"headline\"  >Unsere Leistungen<\/h2><div class=\"special-heading-border\"><div class=\"special-heading-inner-border\"><\/div><\/div><\/div><br \/>\n\n<style type=\"text\/css\" data-created_by=\"avia_inline_auto\" id=\"style-css-av-31goa9-dc6165d35c38cc95a94b975829e8d4ae\">\n#top .hr.av-31goa9-dc6165d35c38cc95a94b975829e8d4ae{\nmargin-top:10px;\nmargin-bottom:10px;\n}\n.hr.av-31goa9-dc6165d35c38cc95a94b975829e8d4ae .hr-inner{\nwidth:50px;\nborder-color:#efbb20;\n}\n<\/style>\n<div  class='hr av-31goa9-dc6165d35c38cc95a94b975829e8d4ae hr-custom  avia-builder-el-3  el_after_av_heading  avia-builder-el-last  hr-left hr-icon-no'><span class='hr-inner inner-border-av-border-fat'><span class=\"hr-inner-style\"><\/span><\/span><\/div><\/p><\/div>\n\n<style type=\"text\/css\" data-created_by=\"avia_inline_auto\" id=\"style-css-av-2vxx6x-5bed29d3381bcaff76b322599a635c8e\">\n#top .flex_column.av-2vxx6x-5bed29d3381bcaff76b322599a635c8e{\nmargin-top:0px;\nmargin-bottom:0px;\n}\n.flex_column.av-2vxx6x-5bed29d3381bcaff76b322599a635c8e{\nborder-radius:0px 0px 0px 0px;\npadding:0px 0px 0px 0px;\n}\n.responsive #top #wrap_all .flex_column.av-2vxx6x-5bed29d3381bcaff76b322599a635c8e{\nmargin-top:0px;\nmargin-bottom:0px;\n}\n<\/style>\n<div  class='flex_column av-2vxx6x-5bed29d3381bcaff76b322599a635c8e av_one_full  avia-builder-el-4  el_after_av_one_full  el_before_av_one_half  first flex_column_div av-animated-generic bottom-to-top av-zero-column-padding  column-top-margin'     ><section  class='av_textblock_section av-2qezxd-5b32c87b5768bd79f72a04f1e944bb98 '   itemscope=\"itemscope\" itemtype=\"https:\/\/schema.org\/CreativeWork\" ><div class='avia_textblock'  itemprop=\"text\" ><blockquote>\n<p>Am Anfang jedes erfolgreichen Bauvorhabens steht eine fundierte Planung. Das spart Zeit und Ihr Geld w\u00e4hrend der Realisierung.<\/p>\n<\/blockquote>\n<\/div><\/section><\/div>\n<style type=\"text\/css\" data-created_by=\"avia_inline_auto\" id=\"style-css-av-1cct2h-f9384ff2baae77573e632af1f23374ee\">\n.flex_column.av-1cct2h-f9384ff2baae77573e632af1f23374ee{\nborder-radius:0px 0px 0px 0px;\npadding:0px 0px 0px 0px;\n}\n<\/style>\n<div  class='flex_column av-1cct2h-f9384ff2baae77573e632af1f23374ee av_one_half  avia-builder-el-6  el_after_av_one_full  el_before_av_one_half  first flex_column_div av-animated-generic bottom-to-top av-zero-column-padding  column-top-margin'     ><p>\n<style type=\"text\/css\" data-created_by=\"avia_inline_auto\" id=\"style-css-av-1ab5u1-72acbd870d8b404e237b719523c8d95a\">\n#top .av-special-heading.av-1ab5u1-72acbd870d8b404e237b719523c8d95a{\npadding-bottom:0;\n}\nbody .av-special-heading.av-1ab5u1-72acbd870d8b404e237b719523c8d95a .av-special-heading-tag .heading-char{\nfont-size:25px;\n}\n.av-special-heading.av-1ab5u1-72acbd870d8b404e237b719523c8d95a .av-subheading{\nfont-size:15px;\n}\n<\/style>\n<div  class='av-special-heading av-1ab5u1-72acbd870d8b404e237b719523c8d95a av-special-heading-h2 blockquote modern-quote  avia-builder-el-7  el_before_av_hr  avia-builder-el-first '><h2 class='av-special-heading-tag'  itemprop=\"headline\"  >Architekten- und Planungsleistungen aus einer Hand<\/h2><div class=\"special-heading-border\"><div class=\"special-heading-inner-border\"><\/div><\/div><\/div><br \/>\n\n<style type=\"text\/css\" data-created_by=\"avia_inline_auto\" id=\"style-css-av-4021l-52e2a55be21a87fe0c4b6ee98f00b141\">\n#top .hr.av-4021l-52e2a55be21a87fe0c4b6ee98f00b141{\nmargin-top:10px;\nmargin-bottom:10px;\n}\n.hr.av-4021l-52e2a55be21a87fe0c4b6ee98f00b141 .hr-inner{\nwidth:50px;\nborder-color:#efbb20;\n}\n<\/style>\n<div  class='hr av-4021l-52e2a55be21a87fe0c4b6ee98f00b141 hr-custom  avia-builder-el-8  el_after_av_heading  el_before_av_textblock  hr-left hr-icon-no'><span class='hr-inner inner-border-av-border-fat'><span class=\"hr-inner-style\"><\/span><\/span><\/div><br \/>\n<section  class='av_textblock_section av-yen4x-4eda0c845b6f981ff1931141ad5595e3 '   itemscope=\"itemscope\" itemtype=\"https:\/\/schema.org\/CreativeWork\" ><div class='avia_textblock'  itemprop=\"text\" ><p>Unser Planungsb\u00fcro versteht sich als Dienstleister und Partner des Bauherren. Mit unserer langj\u00e4hrigen Bauerfahrung begleiten wir Sie auf Ihrem Weg von der Idee \u00fcber die ersten Skizzen bis zum fertigen Geb\u00e4ude.<\/p>\n<p>Durch den stetigen technischen Fortschritt wachsen die Anforderungen an Geb\u00e4ude. Wir sind darauf vorbereitet und ber\u00fccksichtigen\u00a0gemeinsam mit Ihnen als Bauherren eine ganzheitlichen und zeitgem\u00e4\u00dfe L\u00f6sung zu entwickeln.<\/p>\n<p>Unsere Ingenieure und Planer sind in der Lage, Ihre W\u00fcnsche und Vorstellungen nach einer kompetenten Beratung in pr\u00e4zise und detaillierte Ausf\u00fchrungsvorschl\u00e4ge umzusetzen. Alle relevanten Aspekte wie Grundst\u00fccksgegebenheiten, Energieeffizienz, Barrierefreiheit, Haustechnik sowie die Zukunftsplanungen der Bauherren werden ber\u00fccksichtigt.<\/p>\n<p><strong>\u201eWir planen mit Baumaterialien, die f\u00fcr die Nachhaltigkeit des Bauwerks am effektivsten sind\u201c<\/strong><\/p>\n<p>Nachhaltigkeit ist uns wichtig. Entsprechend unserer qualit\u00e4tsbewussten Philosophie achten wir auf die energetischen Entwicklungen und verwenden soweit wie m\u00f6glich \u00f6kologische Baustoffe ohne die Kosten aus den Augen zu verlieren.<\/p>\n<\/div><\/section><\/p><\/div><\/p>\n\n<style type=\"text\/css\" data-created_by=\"avia_inline_auto\" id=\"style-css-av-tg0kx-acf2b5e0e13969c7d088afc8e5792102\">\n.flex_column.av-tg0kx-acf2b5e0e13969c7d088afc8e5792102{\nborder-radius:0px 0px 0px 0px;\npadding:0px 0px 0px 0px;\n}\n<\/style>\n<div  class='flex_column av-tg0kx-acf2b5e0e13969c7d088afc8e5792102 av_one_half  avia-builder-el-10  el_after_av_one_half  el_before_av_one_full  flex_column_div av-animated-generic bottom-to-top av-zero-column-padding  column-top-margin'     ><style type=\"text\/css\" data-created_by=\"avia_inline_auto\" id=\"style-css-av-j6ptt-c66ac71cba3c71e21e2786d1c12a63bb\">\n.avia-image-container.av-j6ptt-c66ac71cba3c71e21e2786d1c12a63bb img.avia_image{\nbox-shadow:none;\n}\n.avia-image-container.av-j6ptt-c66ac71cba3c71e21e2786d1c12a63bb .av-image-caption-overlay-center{\ncolor:#ffffff;\n}\n<\/style>\n<div  class='avia-image-container av-j6ptt-c66ac71cba3c71e21e2786d1c12a63bb av-styling-no-styling avia-align-center  avia-builder-el-11  avia-builder-el-no-sibling '   itemprop=\"image\" itemscope=\"itemscope\" itemtype=\"https:\/\/schema.org\/ImageObject\" ><div class=\"avia-image-container-inner\"><div class=\"avia-image-overlay-wrap\"><img decoding=\"async\" class='wp-image-79 avia-img-lazy-loading-not-79 avia_image ' src=\"https:\/\/arkan-group.de\/rb\/wp-content\/uploads\/2015\/10\/architect-handling-keys-to-a-couple-845x684.jpg\" alt='' title='Architect handling keys to a couple'  height=\"684\" width=\"845\"  itemprop=\"thumbnailUrl\" srcset=\"https:\/\/arkan-group.de\/rb\/wp-content\/uploads\/2015\/10\/architect-handling-keys-to-a-couple-845x684.jpg 845w, https:\/\/arkan-group.de\/rb\/wp-content\/uploads\/2015\/10\/architect-handling-keys-to-a-couple-495x400.jpg 495w\" sizes=\"(max-width: 845px) 100vw, 845px\" \/><\/div><\/div><\/div><\/div>\n\n<style type=\"text\/css\" data-created_by=\"avia_inline_auto\" id=\"style-css-av-gs6ux-a67bb95184fb153c513671b387dccb53\">\n.flex_column.av-gs6ux-a67bb95184fb153c513671b387dccb53{\nborder-width:1px;\nborder-color:#e1e1e1;\nborder-style:solid;\nborder-radius:0px 0px 0px 0px;\npadding:20px 20px 20px 20px;\nbackground-color:#fcfcfc;\n}\n<\/style>\n<div  class='flex_column av-gs6ux-a67bb95184fb153c513671b387dccb53 av_one_full  avia-builder-el-12  el_after_av_one_half  avia-builder-el-last  first flex_column_div av-animated-generic bottom-to-top  column-top-margin'     ><section  class='av_textblock_section av-bk4sp-bce075b9fa2337638cc76a9747928b67 '   itemscope=\"itemscope\" itemtype=\"https:\/\/schema.org\/CreativeWork\" ><div class='avia_textblock'  itemprop=\"text\" ><h4>Obwohl jede Konstruktion einzigartig ist, wird unser Qualit\u00e4tsprozess systematisch auf jedes Bauvorhaben angewendet.<\/h4>\n<p>Um\u00a0fr\u00fchzeitig Probleme zu erkennen und Konstruktions\u00e4nderungen nach Baubeginn zu reduzieren sind wir bem\u00fcht, uns so fr\u00fch wie m\u00f6glich in die Planungsphase einzubringen. Damit k\u00f6nnen wir das Projekt viel effizienter managen und Ihnen eine effektive Geb\u00e4udel\u00f6sung\u00a0anbieten.<\/p>\n<p>F\u00fcr einen erfolgreichen Ablauf ist eine detaillierte Vorplanung entscheidend.<\/p>\n<\/div><\/section><\/div>\n","protected":false},"excerpt":{"rendered":"","protected":false},"author":1,"featured_media":83,"parent":25,"menu_order":1,"comment_status":"closed","ping_status":"closed","template":"","meta":{"footnotes":""},"_links":{"self":[{"href":"https:\/\/arkan-group.de\/rb\/wp-json\/wp\/v2\/pages\/113"}],"collection":[{"href":"https:\/\/arkan-group.de\/rb\/wp-json\/wp\/v2\/pages"}],"about":[{"href":"https:\/\/arkan-group.de\/rb\/wp-json\/wp\/v2\/types\/page"}],"author":[{"embeddable":true,"href":"https:\/\/arkan-group.de\/rb\/wp-json\/wp\/v2\/users\/1"}],"replies":[{"embeddable":true,"href":"https:\/\/arkan-group.de\/rb\/wp-json\/wp\/v2\/comments?post=113"}],"version-history":[{"count":2,"href":"https:\/\/arkan-group.de\/rb\/wp-json\/wp\/v2\/pages\/113\/revisions"}],"predecessor-version":[{"id":341,"href":"https:\/\/arkan-group.de\/rb\/wp-json\/wp\/v2\/pages\/113\/revisions\/341"}],"up":[{"embeddable":true,"href":"https:\/\/arkan-group.de\/rb\/wp-json\/wp\/v2\/pages\/25"}],"wp:featuredmedia":[{"embeddable":true,"href":"https:\/\/arkan-group.de\/rb\/wp-json\/wp\/v2\/media\/83"}],"wp:attachment":[{"href":"https:\/\/arkan-group.de\/rb\/wp-json\/wp\/v2\/media?parent=113"}],"curies":[{"name":"wp","href":"https:\/\/api.w.org\/{rel}","templated":true}]}}