{"id":135,"date":"2015-10-22T15:31:25","date_gmt":"2015-10-22T15:31:25","guid":{"rendered":"https:\/\/test.kriesi.at\/construction\/?page_id=135"},"modified":"2023-08-14T23:12:42","modified_gmt":"2023-08-14T23:12:42","slug":"construction","status":"publish","type":"page","link":"https:\/\/arkan-group.de\/rb\/service\/construction\/","title":{"rendered":"Generalunternehmer"},"content":{"rendered":"<div  class='avia-slideshow av-eeclj-0a35bb684a8f2a7855d9f09311f69c73 avia-slideshow-featured_large av_slideshow avia-fade-slider  avia-builder-el-0  el_before_av_one_full  avia-builder-el-first  av-slideshow-ui av-control-hidden av-no-slider-navigation av-hide-nav-arrows av-slideshow-autoplay av-loop-endless av-loop-manual-endless av-default-height-applied avia-slideshow-1' data-slideshow-options=\"{&quot;animation&quot;:&quot;fade&quot;,&quot;autoplay&quot;:true,&quot;loop_autoplay&quot;:&quot;endless&quot;,&quot;interval&quot;:5,&quot;loop_manual&quot;:&quot;manual-endless&quot;,&quot;autoplay_stopper&quot;:false,&quot;noNavigation&quot;:true,&quot;bg_slider&quot;:false,&quot;keep_padding&quot;:false,&quot;hoverpause&quot;:false,&quot;show_slide_delay&quot;:0}\"  itemprop=\"image\" itemscope=\"itemscope\" itemtype=\"https:\/\/schema.org\/ImageObject\" ><ul class='avia-slideshow-inner ' style='padding-bottom: 42%;'><li  class='avia-slideshow-slide av-eeclj-0a35bb684a8f2a7855d9f09311f69c73__0  slide-1 slide-odd'><div data-rel='slideshow-1' class='avia-slide-wrap '   ><img decoding=\"async\" class=\"wp-image-80 avia-img-lazy-loading-not-80\"  src=\"https:\/\/arkan-group.de\/rb\/wp-content\/uploads\/2015\/10\/construction-site-machines-1500x630.jpg\" width=\"1500\" height=\"630\" title='Construction site machines' alt=''  itemprop=\"thumbnailUrl\"   \/><\/div><\/li><li  class='avia-slideshow-slide av-eeclj-0a35bb684a8f2a7855d9f09311f69c73__1  slide-2 slide-even'><div data-rel='slideshow-1' class='avia-slide-wrap '   ><img decoding=\"async\" class=\"wp-image-81 avia-img-lazy-loading-not-81\"  src=\"https:\/\/arkan-group.de\/rb\/wp-content\/uploads\/2015\/10\/cropped-hand-of-a-carpenter-1500x630.jpg\" width=\"1500\" height=\"630\" title='Cropped hand of a carpenter' alt=''  itemprop=\"thumbnailUrl\"   \/><\/div><\/li><li  class='avia-slideshow-slide av-eeclj-0a35bb684a8f2a7855d9f09311f69c73__2  slide-3 slide-odd'><div data-rel='slideshow-1' class='avia-slide-wrap '   ><img decoding=\"async\" class=\"wp-image-100 avia-img-lazy-loading-not-100\"  src=\"https:\/\/arkan-group.de\/rb\/wp-content\/uploads\/2015\/10\/house-interior-1500x630.jpg\" width=\"1500\" height=\"630\" title='House interior' alt=''  itemprop=\"thumbnailUrl\"   \/><\/div><\/li><\/ul><div class='avia-slideshow-arrows avia-slideshow-controls' ><a href='#prev' class='prev-slide ' aria-hidden='true' data-av_icon='\ue87c' data-av_iconfont='entypo-fontello'  tabindex='-1'>Zur\u00fcck<\/a><a href='#next' class='next-slide ' aria-hidden='true' data-av_icon='\ue87d' data-av_iconfont='entypo-fontello'  tabindex='-1'>Weiter<\/a><\/div><\/div>\n\n<style type=\"text\/css\" data-created_by=\"avia_inline_auto\" id=\"style-css-av-3bo9br-e02da96a6943f74deac6daacfbcd572e\">\n#top .flex_column.av-3bo9br-e02da96a6943f74deac6daacfbcd572e{\nmargin-top:0px;\nmargin-bottom:0px;\n}\n.flex_column.av-3bo9br-e02da96a6943f74deac6daacfbcd572e{\nborder-radius:0px 0px 0px 0px;\npadding:0px 0px 0px 0px;\n}\n.responsive #top #wrap_all .flex_column.av-3bo9br-e02da96a6943f74deac6daacfbcd572e{\nmargin-top:0px;\nmargin-bottom:0px;\n}\n<\/style>\n<div  class='flex_column av-3bo9br-e02da96a6943f74deac6daacfbcd572e av_one_full  avia-builder-el-1  el_after_av_slideshow  el_before_av_one_full  first flex_column_div av-animated-generic bottom-to-top av-zero-column-padding  '     ><p>\n<style type=\"text\/css\" data-created_by=\"avia_inline_auto\" id=\"style-css-av-399yuf-9a0011d81df23d5794df8d56b7934374\">\n#top .av-special-heading.av-399yuf-9a0011d81df23d5794df8d56b7934374{\npadding-bottom:0;\n}\nbody .av-special-heading.av-399yuf-9a0011d81df23d5794df8d56b7934374 .av-special-heading-tag .heading-char{\nfont-size:25px;\n}\n.av-special-heading.av-399yuf-9a0011d81df23d5794df8d56b7934374 .av-subheading{\nfont-size:15px;\n}\n<\/style>\n<div  class='av-special-heading av-399yuf-9a0011d81df23d5794df8d56b7934374 av-special-heading-h2 blockquote modern-quote  avia-builder-el-2  el_before_av_hr  avia-builder-el-first '><h2 class='av-special-heading-tag'  itemprop=\"headline\"  >Generalunternehmer<\/h2><div class=\"special-heading-border\"><div class=\"special-heading-inner-border\"><\/div><\/div><\/div><br \/>\n\n<style type=\"text\/css\" data-created_by=\"avia_inline_auto\" id=\"style-css-av-34pibj-008de1e89869b66bf863f2cb54e8914a\">\n#top .hr.av-34pibj-008de1e89869b66bf863f2cb54e8914a{\nmargin-top:10px;\nmargin-bottom:10px;\n}\n.hr.av-34pibj-008de1e89869b66bf863f2cb54e8914a .hr-inner{\nwidth:50px;\nborder-color:#efbb20;\n}\n<\/style>\n<div  class='hr av-34pibj-008de1e89869b66bf863f2cb54e8914a hr-custom  avia-builder-el-3  el_after_av_heading  avia-builder-el-last  hr-left hr-icon-no'><span class='hr-inner inner-border-av-border-fat'><span class=\"hr-inner-style\"><\/span><\/span><\/div><\/p><\/div>\n\n<style type=\"text\/css\" data-created_by=\"avia_inline_auto\" id=\"style-css-av-2u1lbz-3ae5649aed92b8a4fc999555d494de87\">\n#top .flex_column.av-2u1lbz-3ae5649aed92b8a4fc999555d494de87{\nmargin-top:0px;\nmargin-bottom:0px;\n}\n.flex_column.av-2u1lbz-3ae5649aed92b8a4fc999555d494de87{\nborder-radius:0px 0px 0px 0px;\npadding:0px 0px 0px 0px;\n}\n.responsive #top #wrap_all .flex_column.av-2u1lbz-3ae5649aed92b8a4fc999555d494de87{\nmargin-top:0px;\nmargin-bottom:0px;\n}\n<\/style>\n<div  class='flex_column av-2u1lbz-3ae5649aed92b8a4fc999555d494de87 av_one_full  avia-builder-el-4  el_after_av_one_full  el_before_av_one_half  first flex_column_div av-animated-generic bottom-to-top av-zero-column-padding  column-top-margin'     ><section  class='av_textblock_section av-2ps1jz-0a81cfd654e7528dd0780e1b5e45f5c6 '   itemscope=\"itemscope\" itemtype=\"https:\/\/schema.org\/CreativeWork\" ><div class='avia_textblock'  itemprop=\"text\" ><div class=\"wpb_text_column wpb_content_element  vc_custom_1479834196939\">\n<div class=\"wpb_wrapper\">\n<blockquote>\n<p>Wir haben die F\u00e4higkeit, alle Materialen, Arbeiten, Ausr\u00fcstungen und Dienstleistungen f\u00fcr komplexe schl\u00fcsselfertige Anlagen zu liefern und \u00fcbernehmen die Entwicklung eines Gesamtkonzeptes sowie die komplette Steuerung und Abwicklung von umfangreichen Gewerbe- und Industrieneubauten.<\/p>\n<\/blockquote>\n<\/div>\n<\/div>\n<\/div><\/section><\/div>\n\n<style type=\"text\/css\" data-created_by=\"avia_inline_auto\" id=\"style-css-av-1h96mf-3478fe1418f7833029807a5fbd6bfd4c\">\n.flex_column.av-1h96mf-3478fe1418f7833029807a5fbd6bfd4c{\nborder-radius:0px 0px 0px 0px;\npadding:0px 0px 0px 0px;\n}\n<\/style>\n<div  class='flex_column av-1h96mf-3478fe1418f7833029807a5fbd6bfd4c av_one_half  avia-builder-el-6  el_after_av_one_full  el_before_av_one_half  first flex_column_div av-animated-generic bottom-to-top av-zero-column-padding  column-top-margin'     ><p>\n<style type=\"text\/css\" data-created_by=\"avia_inline_auto\" id=\"style-css-av-18uddz-9b3fdb928540b9ed3eb8482f30be14a3\">\n#top .av-special-heading.av-18uddz-9b3fdb928540b9ed3eb8482f30be14a3{\npadding-bottom:0;\n}\nbody .av-special-heading.av-18uddz-9b3fdb928540b9ed3eb8482f30be14a3 .av-special-heading-tag .heading-char{\nfont-size:25px;\n}\n.av-special-heading.av-18uddz-9b3fdb928540b9ed3eb8482f30be14a3 .av-subheading{\nfont-size:15px;\n}\n<\/style>\n<div  class='av-special-heading av-18uddz-9b3fdb928540b9ed3eb8482f30be14a3 av-special-heading-h2 blockquote modern-quote  avia-builder-el-7  el_before_av_hr  avia-builder-el-first '><h2 class='av-special-heading-tag'  itemprop=\"headline\"  >General\u00fcbernehmer-Auftr\u00e4ge<\/h2><div class=\"special-heading-border\"><div class=\"special-heading-inner-border\"><\/div><\/div><\/div><br \/>\n\n<style type=\"text\/css\" data-created_by=\"avia_inline_auto\" id=\"style-css-av-3ta8f-cfaab132ce6f18e56cd97d64443309fc\">\n#top .hr.av-3ta8f-cfaab132ce6f18e56cd97d64443309fc{\nmargin-top:10px;\nmargin-bottom:10px;\n}\n.hr.av-3ta8f-cfaab132ce6f18e56cd97d64443309fc .hr-inner{\nwidth:50px;\nborder-color:#efbb20;\n}\n<\/style>\n<div  class='hr av-3ta8f-cfaab132ce6f18e56cd97d64443309fc hr-custom  avia-builder-el-8  el_after_av_heading  el_before_av_textblock  hr-left hr-icon-no'><span class='hr-inner inner-border-av-border-fat'><span class=\"hr-inner-style\"><\/span><\/span><\/div><br \/>\n<section  class='av_textblock_section av-3980f-b60f6cb366260555c0d39fe53883f6d6 '   itemscope=\"itemscope\" itemtype=\"https:\/\/schema.org\/CreativeWork\" ><div class='avia_textblock'  itemprop=\"text\" ><p>Seit 2001\u00a0hat das\u00a0Management der Arkan Group einen guten Ruf f\u00fcr handwerkliche Qualit\u00e4t, schnelle Bearbeitung und Kundenbeziehungen die auf Integrit\u00e4t und Vertrauen basieren aufgebaut.<\/p>\n<p><strong>Sie suchen nach einem Generalunternehmer in Berlin, die Ihr Bauvorhaben von Anfang begleitet und erfolgreich zum Abschlu\u00df bringt?<\/strong><\/p>\n<p>Wir \u00fcbernehmen als Generalunternehmer gro\u00dfe und kleine Bauvorhaben im In- und Ausland.\u00a0Unser Bauleitungsteam wird mit modernste Methoden im Bauwesen geschult, um komplexe Bau- und Montageprojekte unter Einhaltung internationaler Bauvorschriften durchzuf\u00fchren zu k\u00f6nnen.<\/p>\n<p>Ein Schwerpunkt der Arkan Group ist die\u00a0Durchf\u00fchrung von General\u00fcbernehmer-Auftr\u00e4gen f\u00fcr gewerbliche Bauvorhaben oder individuelle Bauleistung der Wohnungswirtschaft. Wir\u00a0k\u00f6nnen mit unseren erfahrenen Bautrupps die Arbeit p\u00fcnktlich und innerhalb des Budgets erledigen!<\/p>\n<p>Zu den Kernkompetenzen der Fossa Ingenierubau, Projektentwicklung &#038; Bau\u00fcberwachung GmbH, geh\u00f6rt auch \u00e4u\u00dferst komplexe Projekte schl\u00fcsselfertig zum Festpreis zu erstellen.\u00a0Durch die langj\u00e4hrigen Erfahrung in der Projektentwicklung haben wir ein hohes fachliches KnowHow geschaffen, das vielf\u00e4ltig eingesetzt werden kann.<\/p>\n<\/div><\/section><\/p><\/div>\n\n<style type=\"text\/css\" data-created_by=\"avia_inline_auto\" id=\"style-css-av-oqs07-54c5c306eea1d456f0c41331586bd57f\">\n.flex_column.av-oqs07-54c5c306eea1d456f0c41331586bd57f{\nborder-radius:0px 0px 0px 0px;\npadding:0px 0px 0px 0px;\n}\n<\/style>\n<div  class='flex_column av-oqs07-54c5c306eea1d456f0c41331586bd57f av_one_half  avia-builder-el-10  el_after_av_one_half  el_before_av_one_full  flex_column_div av-animated-generic bottom-to-top av-zero-column-padding  column-top-margin'     ><style type=\"text\/css\" data-created_by=\"avia_inline_auto\" id=\"style-css-av-kh553-caf0ca622ed1bfce2108d546d1bf3851\">\n.avia-image-container.av-kh553-caf0ca622ed1bfce2108d546d1bf3851 img.avia_image{\nbox-shadow:none;\n}\n.avia-image-container.av-kh553-caf0ca622ed1bfce2108d546d1bf3851 .av-image-caption-overlay-center{\ncolor:#ffffff;\n}\n<\/style>\n<div  class='avia-image-container av-kh553-caf0ca622ed1bfce2108d546d1bf3851 av-styling-no-styling avia-align-center  avia-builder-el-11  avia-builder-el-no-sibling '   itemprop=\"image\" itemscope=\"itemscope\" itemtype=\"https:\/\/schema.org\/ImageObject\" ><div class=\"avia-image-container-inner\"><div class=\"avia-image-overlay-wrap\"><img decoding=\"async\" class='wp-image-79 avia-img-lazy-loading-not-79 avia_image ' src=\"https:\/\/arkan-group.de\/rb\/wp-content\/uploads\/2015\/10\/architect-handling-keys-to-a-couple-845x684.jpg\" alt='' title='Architect handling keys to a couple'  height=\"684\" width=\"845\"  itemprop=\"thumbnailUrl\" srcset=\"https:\/\/arkan-group.de\/rb\/wp-content\/uploads\/2015\/10\/architect-handling-keys-to-a-couple-845x684.jpg 845w, https:\/\/arkan-group.de\/rb\/wp-content\/uploads\/2015\/10\/architect-handling-keys-to-a-couple-495x400.jpg 495w\" sizes=\"(max-width: 845px) 100vw, 845px\" \/><\/div><\/div><\/div><\/div>\n\n<style type=\"text\/css\" data-created_by=\"avia_inline_auto\" id=\"style-css-av-h7fhj-c6580ba37c77277bc7df45c5e8997db3\">\n.flex_column.av-h7fhj-c6580ba37c77277bc7df45c5e8997db3{\nborder-width:1px;\nborder-color:#e1e1e1;\nborder-style:solid;\nborder-radius:0px 0px 0px 0px;\npadding:20px 20px 20px 20px;\nbackground-color:#fcfcfc;\n}\n<\/style>\n<div  class='flex_column av-h7fhj-c6580ba37c77277bc7df45c5e8997db3 av_one_full  avia-builder-el-12  el_after_av_one_half  avia-builder-el-last  first flex_column_div av-animated-generic bottom-to-top  column-top-margin'     ><section  class='av_textblock_section av-75fun-9c7437b98f7a394b22765d4a141fa85d '   itemscope=\"itemscope\" itemtype=\"https:\/\/schema.org\/CreativeWork\" ><div class='avia_textblock'  itemprop=\"text\" ><p>Mit den Zielvorgaben der Auftraggeber haben wir anspruchsvolle B\u00fcro- und Gewerbeimmobilien, Gesch\u00e4ftsh\u00e4user und auch Gesundheitsimmobilien als General\u00fcbernehmer entwickelt und realisiert.<\/p>\n<\/div><\/section><\/div>\n","protected":false},"excerpt":{"rendered":"","protected":false},"author":1,"featured_media":0,"parent":25,"menu_order":2,"comment_status":"closed","ping_status":"closed","template":"","meta":{"footnotes":""},"_links":{"self":[{"href":"https:\/\/arkan-group.de\/rb\/wp-json\/wp\/v2\/pages\/135"}],"collection":[{"href":"https:\/\/arkan-group.de\/rb\/wp-json\/wp\/v2\/pages"}],"about":[{"href":"https:\/\/arkan-group.de\/rb\/wp-json\/wp\/v2\/types\/page"}],"author":[{"embeddable":true,"href":"https:\/\/arkan-group.de\/rb\/wp-json\/wp\/v2\/users\/1"}],"replies":[{"embeddable":true,"href":"https:\/\/arkan-group.de\/rb\/wp-json\/wp\/v2\/comments?post=135"}],"version-history":[{"count":2,"href":"https:\/\/arkan-group.de\/rb\/wp-json\/wp\/v2\/pages\/135\/revisions"}],"predecessor-version":[{"id":342,"href":"https:\/\/arkan-group.de\/rb\/wp-json\/wp\/v2\/pages\/135\/revisions\/342"}],"up":[{"embeddable":true,"href":"https:\/\/arkan-group.de\/rb\/wp-json\/wp\/v2\/pages\/25"}],"wp:attachment":[{"href":"https:\/\/arkan-group.de\/rb\/wp-json\/wp\/v2\/media?parent=135"}],"curies":[{"name":"wp","href":"https:\/\/api.w.org\/{rel}","templated":true}]}}