{"id":138,"date":"2015-10-22T15:31:54","date_gmt":"2015-10-22T15:31:54","guid":{"rendered":"https:\/\/test.kriesi.at\/construction\/?page_id=138"},"modified":"2023-08-27T15:53:19","modified_gmt":"2023-08-27T15:53:19","slug":"house-renovation","status":"publish","type":"page","link":"https:\/\/arkan-group.de\/rb\/service\/house-renovation\/","title":{"rendered":"Bauleitung und Bau\u00fcberwachung"},"content":{"rendered":"<div  class='avia-slideshow av-ecul6-1224f282cbd76c566f5c0d7a9ad5d9b0 avia-slideshow-featured_large av_slideshow avia-fade-slider  avia-builder-el-0  el_before_av_one_full  avia-builder-el-first  av-slideshow-ui av-control-hidden av-no-slider-navigation av-hide-nav-arrows av-slideshow-autoplay av-loop-endless av-loop-manual-endless av-default-height-applied avia-slideshow-1' data-slideshow-options=\"{&quot;animation&quot;:&quot;fade&quot;,&quot;autoplay&quot;:true,&quot;loop_autoplay&quot;:&quot;endless&quot;,&quot;interval&quot;:5,&quot;loop_manual&quot;:&quot;manual-endless&quot;,&quot;autoplay_stopper&quot;:false,&quot;noNavigation&quot;:true,&quot;bg_slider&quot;:false,&quot;keep_padding&quot;:false,&quot;hoverpause&quot;:false,&quot;show_slide_delay&quot;:0}\"  itemprop=\"image\" itemscope=\"itemscope\" itemtype=\"https:\/\/schema.org\/ImageObject\" ><ul class='avia-slideshow-inner ' style='padding-bottom: 42%;'><li  class='avia-slideshow-slide av-ecul6-1224f282cbd76c566f5c0d7a9ad5d9b0__0  slide-1 slide-odd'><div data-rel='slideshow-1' class='avia-slide-wrap '   ><img decoding=\"async\" class=\"wp-image-81 avia-img-lazy-loading-not-81\"  src=\"https:\/\/arkan-group.de\/rb\/wp-content\/uploads\/2015\/10\/cropped-hand-of-a-carpenter-1500x630.jpg\" width=\"1500\" height=\"630\" title='Cropped hand of a carpenter' alt=''  itemprop=\"thumbnailUrl\"   \/><\/div><\/li><li  class='avia-slideshow-slide av-ecul6-1224f282cbd76c566f5c0d7a9ad5d9b0__1  slide-2 slide-even'><div data-rel='slideshow-1' class='avia-slide-wrap '   ><img decoding=\"async\" class=\"wp-image-100 avia-img-lazy-loading-not-100\"  src=\"https:\/\/arkan-group.de\/rb\/wp-content\/uploads\/2015\/10\/house-interior-1500x630.jpg\" width=\"1500\" height=\"630\" title='House interior' alt=''  itemprop=\"thumbnailUrl\"   \/><\/div><\/li><li  class='avia-slideshow-slide av-ecul6-1224f282cbd76c566f5c0d7a9ad5d9b0__2  slide-3 slide-odd'><div data-rel='slideshow-1' class='avia-slide-wrap '   ><img decoding=\"async\" class=\"wp-image-87 avia-img-lazy-loading-not-87\"  src=\"https:\/\/arkan-group.de\/rb\/wp-content\/uploads\/2015\/10\/team-banner2.jpg\" width=\"1500\" height=\"630\" title='team-banner2' alt=''  itemprop=\"thumbnailUrl\" srcset=\"https:\/\/arkan-group.de\/rb\/wp-content\/uploads\/2015\/10\/team-banner2.jpg 1500w, https:\/\/arkan-group.de\/rb\/wp-content\/uploads\/2015\/10\/team-banner2-300x126.jpg 300w, https:\/\/arkan-group.de\/rb\/wp-content\/uploads\/2015\/10\/team-banner2-1030x433.jpg 1030w, https:\/\/arkan-group.de\/rb\/wp-content\/uploads\/2015\/10\/team-banner2-768x323.jpg 768w, https:\/\/arkan-group.de\/rb\/wp-content\/uploads\/2015\/10\/team-banner2-705x296.jpg 705w\" sizes=\"(max-width: 1500px) 100vw, 1500px\" \/><\/div><\/li><\/ul><div class='avia-slideshow-arrows avia-slideshow-controls' ><a href='#prev' class='prev-slide ' aria-hidden='true' data-av_icon='\ue87c' data-av_iconfont='entypo-fontello'  tabindex='-1'>Zur\u00fcck<\/a><a href='#next' class='next-slide ' aria-hidden='true' data-av_icon='\ue87d' data-av_iconfont='entypo-fontello'  tabindex='-1'>Weiter<\/a><\/div><\/div>\n\n<style type=\"text\/css\" data-created_by=\"avia_inline_auto\" id=\"style-css-av-3e9av6-c6f4ad009dac01e1638317c3b4bafe3d\">\n#top .flex_column.av-3e9av6-c6f4ad009dac01e1638317c3b4bafe3d{\nmargin-top:0px;\nmargin-bottom:0px;\n}\n.flex_column.av-3e9av6-c6f4ad009dac01e1638317c3b4bafe3d{\nborder-radius:0px 0px 0px 0px;\npadding:0px 0px 0px 0px;\n}\n.responsive #top #wrap_all .flex_column.av-3e9av6-c6f4ad009dac01e1638317c3b4bafe3d{\nmargin-top:0px;\nmargin-bottom:0px;\n}\n<\/style>\n<div  class='flex_column av-3e9av6-c6f4ad009dac01e1638317c3b4bafe3d av_one_full  avia-builder-el-1  el_after_av_slideshow  el_before_av_one_full  first flex_column_div av-animated-generic bottom-to-top av-zero-column-padding  '     ><p>\n<style type=\"text\/css\" data-created_by=\"avia_inline_auto\" id=\"style-css-av-37tji2-6b0af6f1aa12f412108af7686174e3ac\">\n#top .av-special-heading.av-37tji2-6b0af6f1aa12f412108af7686174e3ac{\npadding-bottom:0;\n}\nbody .av-special-heading.av-37tji2-6b0af6f1aa12f412108af7686174e3ac .av-special-heading-tag .heading-char{\nfont-size:25px;\n}\n.av-special-heading.av-37tji2-6b0af6f1aa12f412108af7686174e3ac .av-subheading{\nfont-size:15px;\n}\n<\/style>\n<div  class='av-special-heading av-37tji2-6b0af6f1aa12f412108af7686174e3ac av-special-heading-h2 blockquote modern-quote  avia-builder-el-2  el_before_av_hr  avia-builder-el-first '><h2 class='av-special-heading-tag'  itemprop=\"headline\"  >Bauleitung und Bau\u00fcberwachung<\/h2><div class=\"special-heading-border\"><div class=\"special-heading-inner-border\"><\/div><\/div><\/div><br \/>\n\n<style type=\"text\/css\" data-created_by=\"avia_inline_auto\" id=\"style-css-av-31cdze-1d3bd0b03d4afbdbdb1d69f5cd65bd88\">\n#top .hr.av-31cdze-1d3bd0b03d4afbdbdb1d69f5cd65bd88{\nmargin-top:10px;\nmargin-bottom:10px;\n}\n.hr.av-31cdze-1d3bd0b03d4afbdbdb1d69f5cd65bd88 .hr-inner{\nwidth:50px;\nborder-color:#efbb20;\n}\n<\/style>\n<div  class='hr av-31cdze-1d3bd0b03d4afbdbdb1d69f5cd65bd88 hr-custom  avia-builder-el-3  el_after_av_heading  avia-builder-el-last  hr-left hr-icon-no'><span class='hr-inner inner-border-av-border-fat'><span class=\"hr-inner-style\"><\/span><\/span><\/div><\/p><\/div>\n<div  class='flex_column av-anliq-df958193345a3be39170689d1c61ae66 av_one_full  avia-builder-el-4  el_after_av_one_full  el_before_av_one_half  first flex_column_div  column-top-margin'     ><section  class='av_textblock_section av-llbbfh3i-a75a05ee98108fa849146bb85c6e683b '   itemscope=\"itemscope\" itemtype=\"https:\/\/schema.org\/CreativeWork\" ><div class='avia_textblock'  itemprop=\"text\" ><blockquote>\n<p>Ausf\u00fchrungspl\u00e4ne, Abnahmetermine und Zeitpl\u00e4ne, Dienstleister und bauausf\u00fchrende Unternehmen, beh\u00f6rdliche und rechtliche Vorgaben<\/p>\n<\/blockquote>\n<\/div><\/section><\/div>\n\n<style type=\"text\/css\" data-created_by=\"avia_inline_auto\" id=\"style-css-av-2k87vu-d7f0d590ddd82edf0cbb18fd0d987537\">\n.flex_column.av-2k87vu-d7f0d590ddd82edf0cbb18fd0d987537{\nborder-radius:0px 0px 0px 0px;\npadding:0px 0px 0px 0px;\n}\n<\/style>\n<div  class='flex_column av-2k87vu-d7f0d590ddd82edf0cbb18fd0d987537 av_one_half  avia-builder-el-6  el_after_av_one_full  el_before_av_one_half  first flex_column_div av-animated-generic bottom-to-top av-zero-column-padding  column-top-margin'     ><section  class='av_textblock_section av-2clxnm-0892ebdcdf6b9c33b3f25f963aa70ffa '   itemscope=\"itemscope\" itemtype=\"https:\/\/schema.org\/CreativeWork\" ><div class='avia_textblock'  itemprop=\"text\" ><p>In der eigentlichen Bauphase gibt es eine gro\u00dfe Anzahl an individuellen Faktoren, die es zu \u00fcberwachen und zu koordinieren gilt. Unsere spezialisierten Bauleiter \u00fcbernehmen diese Aufgabe fachgerecht und zuverl\u00e4ssig, damit Ihr Bauvorhaben termingerecht fertig gestellt wird.<\/p>\n<\/div><\/section><\/div>\n\n<style type=\"text\/css\" data-created_by=\"avia_inline_auto\" id=\"style-css-av-2v5l5e-4890ec4e315d348b5379306980247c0c\">\n.flex_column.av-2v5l5e-4890ec4e315d348b5379306980247c0c{\nborder-radius:0px 0px 0px 0px;\npadding:0px 0px 0px 0px;\n}\n<\/style>\n<div  class='flex_column av-2v5l5e-4890ec4e315d348b5379306980247c0c av_one_half  avia-builder-el-8  el_after_av_one_half  el_before_av_one_half  flex_column_div av-animated-generic bottom-to-top av-zero-column-padding  column-top-margin'     ><section  class='av_textblock_section av-2p1w76-22e5114f5d051f680d770340925cd5af '   itemscope=\"itemscope\" itemtype=\"https:\/\/schema.org\/CreativeWork\" ><div class='avia_textblock'  itemprop=\"text\" ><p>Durch die professionelle Betreuung Ihrer Ma\u00dfnahme ist eine hohe Termintreue bei Einhaltung des vorgegebenen Kostenrahmens gew\u00e4hrleistet. Durch die hohe Verf\u00fcgbarkeit und die h\u00e4ufige Pr\u00e4senz der Bauleitung auf der Baustelle ist jederzeit eine sinnvolle Anpassung des Bauablaufes an die jeweiligen Ereignisse m\u00f6glich. Dadurch werden zumeist deutliche Zeit- und Kosteneinsparungen erzielt.<\/p>\n<\/div><\/section><\/div>\n\n<style type=\"text\/css\" data-created_by=\"avia_inline_auto\" id=\"style-css-av-1djqm2-9b7d8b011d2bce8d4e5e3b1eaa03b3e0\">\n.flex_column.av-1djqm2-9b7d8b011d2bce8d4e5e3b1eaa03b3e0{\nborder-radius:0px 0px 0px 0px;\npadding:0px 0px 0px 0px;\n}\n<\/style>\n<div  class='flex_column av-1djqm2-9b7d8b011d2bce8d4e5e3b1eaa03b3e0 av_one_half  avia-builder-el-10  el_after_av_one_half  el_before_av_one_half  first flex_column_div av-animated-generic bottom-to-top av-zero-column-padding  column-top-margin'     ><p>\n<style type=\"text\/css\" data-created_by=\"avia_inline_auto\" id=\"style-css-av-19zi3m-3a4a4180ac2057e110e2bf3c76d0634c\">\n#top .av-special-heading.av-19zi3m-3a4a4180ac2057e110e2bf3c76d0634c{\npadding-bottom:0;\n}\nbody .av-special-heading.av-19zi3m-3a4a4180ac2057e110e2bf3c76d0634c .av-special-heading-tag .heading-char{\nfont-size:25px;\n}\n.av-special-heading.av-19zi3m-3a4a4180ac2057e110e2bf3c76d0634c .av-subheading{\nfont-size:15px;\n}\n<\/style>\n<div  class='av-special-heading av-19zi3m-3a4a4180ac2057e110e2bf3c76d0634c av-special-heading-h2 blockquote modern-quote  avia-builder-el-11  el_before_av_hr  avia-builder-el-first '><h2 class='av-special-heading-tag'  itemprop=\"headline\"  >Gut f\u00fcr Sie<\/h2><div class=\"special-heading-border\"><div class=\"special-heading-inner-border\"><\/div><\/div><\/div><br \/>\n\n<style type=\"text\/css\" data-created_by=\"avia_inline_auto\" id=\"style-css-av-14avl6-277e5f79fe31de8f454b485f1b793874\">\n#top .hr.av-14avl6-277e5f79fe31de8f454b485f1b793874{\nmargin-top:10px;\nmargin-bottom:10px;\n}\n.hr.av-14avl6-277e5f79fe31de8f454b485f1b793874 .hr-inner{\nwidth:50px;\nborder-color:#efbb20;\n}\n<\/style>\n<div  class='hr av-14avl6-277e5f79fe31de8f454b485f1b793874 hr-custom  avia-builder-el-12  el_after_av_heading  el_before_av_textblock  hr-left hr-icon-no'><span class='hr-inner inner-border-av-border-fat'><span class=\"hr-inner-style\"><\/span><\/span><\/div><br \/>\n<section  class='av_textblock_section av-y90zu-ab9784b71bec935a7a3e3fdeea4a7445 '   itemscope=\"itemscope\" itemtype=\"https:\/\/schema.org\/CreativeWork\" ><div class='avia_textblock'  itemprop=\"text\" ><p>Wir kontrollieren und \u00fcberwachen das ausf\u00fchrende Unternehmen bei der Umsetzung der beauftragten Leistungen, erstellen mit dem Auftragnehmer zeitnah leistungsgerechte Aufma\u00dfe und Abnahmen und gew\u00e4hrleisten so eine ordnungsgem\u00e4\u00dfe Abrechnung der erbrachten Leistungen.<\/p>\n<\/div><\/section><\/p><\/div>\n\n<style type=\"text\/css\" data-created_by=\"avia_inline_auto\" id=\"style-css-av-2go8i-126302949e2fad077aec74eabf4fbd2a\">\n.flex_column.av-2go8i-126302949e2fad077aec74eabf4fbd2a{\nborder-radius:0px 0px 0px 0px;\npadding:0px 0px 0px 0px;\n}\n<\/style>\n<div  class='flex_column av-2go8i-126302949e2fad077aec74eabf4fbd2a av_one_half  avia-builder-el-14  el_after_av_one_half  el_before_av_one_full  flex_column_div av-animated-generic bottom-to-top av-zero-column-padding  column-top-margin'     ><style type=\"text\/css\" data-created_by=\"avia_inline_auto\" id=\"style-css-av-mwfw2-f6cbf8caff402b6c7ad643efd766d0de\">\n.avia-image-container.av-mwfw2-f6cbf8caff402b6c7ad643efd766d0de img.avia_image{\nbox-shadow:none;\n}\n.avia-image-container.av-mwfw2-f6cbf8caff402b6c7ad643efd766d0de .av-image-caption-overlay-center{\ncolor:#ffffff;\n}\n<\/style>\n<div  class='avia-image-container av-mwfw2-f6cbf8caff402b6c7ad643efd766d0de av-styling-no-styling avia-align-center  avia-builder-el-15  avia-builder-el-no-sibling '   itemprop=\"image\" itemscope=\"itemscope\" itemtype=\"https:\/\/schema.org\/ImageObject\" ><div class=\"avia-image-container-inner\"><div class=\"avia-image-overlay-wrap\"><img decoding=\"async\" class='wp-image-469 avia-img-lazy-loading-not-469 avia_image ' src=\"https:\/\/arkan-group.de\/rb\/wp-content\/uploads\/2023\/08\/Bild3-300x113.jpg\" alt='' title='Bild3'  height=\"113\" width=\"300\"  itemprop=\"thumbnailUrl\" srcset=\"https:\/\/arkan-group.de\/rb\/wp-content\/uploads\/2023\/08\/Bild3-300x113.jpg 300w, https:\/\/arkan-group.de\/rb\/wp-content\/uploads\/2023\/08\/Bild3-1030x389.jpg 1030w, https:\/\/arkan-group.de\/rb\/wp-content\/uploads\/2023\/08\/Bild3-768x290.jpg 768w, https:\/\/arkan-group.de\/rb\/wp-content\/uploads\/2023\/08\/Bild3-705x266.jpg 705w, https:\/\/arkan-group.de\/rb\/wp-content\/uploads\/2023\/08\/Bild3-845x321.jpg 845w, https:\/\/arkan-group.de\/rb\/wp-content\/uploads\/2023\/08\/Bild3.jpg 1195w\" sizes=\"(max-width: 300px) 100vw, 300px\" \/><\/div><\/div><\/div><\/div>\n<style type=\"text\/css\" data-created_by=\"avia_inline_auto\" id=\"style-css-av-d6k7m-603b81e3799fb03ba0cdf3c84dd6b574\">\n.flex_column.av-d6k7m-603b81e3799fb03ba0cdf3c84dd6b574{\nborder-width:1px;\nborder-color:#e1e1e1;\nborder-style:solid;\nborder-radius:0px 0px 0px 0px;\npadding:20px 20px 20px 20px;\nbackground-color:#fcfcfc;\n}\n<\/style>\n<div  class='flex_column av-d6k7m-603b81e3799fb03ba0cdf3c84dd6b574 av_one_full  avia-builder-el-16  el_after_av_one_half  avia-builder-el-last  first flex_column_div av-animated-generic bottom-to-top  column-top-margin'     ><section  class='av_textblock_section av-btxfu-f3126abb894f2c7f830350bc1acbd90f '   itemscope=\"itemscope\" itemtype=\"https:\/\/schema.org\/CreativeWork\" ><div class='avia_textblock'  itemprop=\"text\" ><div class=\"wpb_text_column wpb_content_element \">\n<div class=\"wpb_wrapper\">\n<p>Wir \u00fcbernehmen auch die Bau\u00fcberwachung f\u00fcr Ihr Bauvorhaben.<\/p>\n<\/div>\n<\/div>\n<\/div><\/section><\/div><\/p>\n","protected":false},"excerpt":{"rendered":"","protected":false},"author":1,"featured_media":0,"parent":25,"menu_order":3,"comment_status":"closed","ping_status":"closed","template":"","meta":{"footnotes":""},"_links":{"self":[{"href":"https:\/\/arkan-group.de\/rb\/wp-json\/wp\/v2\/pages\/138"}],"collection":[{"href":"https:\/\/arkan-group.de\/rb\/wp-json\/wp\/v2\/pages"}],"about":[{"href":"https:\/\/arkan-group.de\/rb\/wp-json\/wp\/v2\/types\/page"}],"author":[{"embeddable":true,"href":"https:\/\/arkan-group.de\/rb\/wp-json\/wp\/v2\/users\/1"}],"replies":[{"embeddable":true,"href":"https:\/\/arkan-group.de\/rb\/wp-json\/wp\/v2\/comments?post=138"}],"version-history":[{"count":4,"href":"https:\/\/arkan-group.de\/rb\/wp-json\/wp\/v2\/pages\/138\/revisions"}],"predecessor-version":[{"id":497,"href":"https:\/\/arkan-group.de\/rb\/wp-json\/wp\/v2\/pages\/138\/revisions\/497"}],"up":[{"embeddable":true,"href":"https:\/\/arkan-group.de\/rb\/wp-json\/wp\/v2\/pages\/25"}],"wp:attachment":[{"href":"https:\/\/arkan-group.de\/rb\/wp-json\/wp\/v2\/media?parent=138"}],"curies":[{"name":"wp","href":"https:\/\/api.w.org\/{rel}","templated":true}]}}