{"id":140,"date":"2015-10-22T15:32:14","date_gmt":"2015-10-22T15:32:14","guid":{"rendered":"https:\/\/test.kriesi.at\/construction\/?page_id=140"},"modified":"2023-08-28T18:54:47","modified_gmt":"2023-08-28T18:54:47","slug":"small-projects","status":"publish","type":"page","link":"https:\/\/arkan-group.de\/rb\/service\/small-projects\/","title":{"rendered":"Nachhaltiges Bauen"},"content":{"rendered":"<div  class='avia-slideshow av-3dtfvo-ee4cda038399e96be6fbadc3304644ef avia-slideshow-featured av_slideshow avia-fade-slider  avia-builder-el-0  el_before_av_one_full  avia-builder-el-first  av-slideshow-ui av-control-hidden av-no-slider-navigation av-hide-nav-arrows av-slideshow-autoplay av-loop-endless av-loop-manual-endless av-default-height-applied avia-slideshow-1' data-slideshow-options=\"{&quot;animation&quot;:&quot;fade&quot;,&quot;autoplay&quot;:true,&quot;loop_autoplay&quot;:&quot;endless&quot;,&quot;interval&quot;:5,&quot;loop_manual&quot;:&quot;manual-endless&quot;,&quot;autoplay_stopper&quot;:false,&quot;noNavigation&quot;:true,&quot;bg_slider&quot;:false,&quot;keep_padding&quot;:false,&quot;hoverpause&quot;:false,&quot;show_slide_delay&quot;:0}\"  itemprop=\"image\" itemscope=\"itemscope\" itemtype=\"https:\/\/schema.org\/ImageObject\" ><ul class='avia-slideshow-inner ' style='padding-bottom: 54.18118466899%;'><li  class='avia-slideshow-slide av-3dtfvo-ee4cda038399e96be6fbadc3304644ef__0  slide-1 slide-odd'><div data-rel='slideshow-1' class='avia-slide-wrap '   ><img decoding=\"async\" class=\"wp-image-548 avia-img-lazy-loading-not-548\"  src=\"https:\/\/arkan-group.de\/rb\/wp-content\/uploads\/2023\/08\/hotx2.jpg\" width=\"574\" height=\"311\" title='hotx2' alt=''  itemprop=\"thumbnailUrl\" srcset=\"https:\/\/arkan-group.de\/rb\/wp-content\/uploads\/2023\/08\/hotx2.jpg 574w, https:\/\/arkan-group.de\/rb\/wp-content\/uploads\/2023\/08\/hotx2-300x163.jpg 300w\" sizes=\"(max-width: 574px) 100vw, 574px\" \/><\/div><\/li><li  class='avia-slideshow-slide av-3dtfvo-ee4cda038399e96be6fbadc3304644ef__1  slide-2 slide-even'><div data-rel='slideshow-1' class='avia-slide-wrap '   ><img decoding=\"async\" class=\"wp-image-549 avia-img-lazy-loading-not-549\"  src=\"https:\/\/arkan-group.de\/rb\/wp-content\/uploads\/2023\/08\/hotx1.jpg\" width=\"574\" height=\"311\" title='hotx1' alt=''  itemprop=\"thumbnailUrl\" srcset=\"https:\/\/arkan-group.de\/rb\/wp-content\/uploads\/2023\/08\/hotx1.jpg 574w, https:\/\/arkan-group.de\/rb\/wp-content\/uploads\/2023\/08\/hotx1-300x163.jpg 300w\" sizes=\"(max-width: 574px) 100vw, 574px\" \/><\/div><\/li><li  class='avia-slideshow-slide av-3dtfvo-ee4cda038399e96be6fbadc3304644ef__2  slide-3 slide-odd'><div data-rel='slideshow-1' class='avia-slide-wrap '   ><img decoding=\"async\" class=\"wp-image-542 avia-img-lazy-loading-not-542\"  src=\"https:\/\/arkan-group.de\/rb\/wp-content\/uploads\/2023\/08\/hotx3.jpg\" width=\"574\" height=\"311\" title='hotx3' alt=''  itemprop=\"thumbnailUrl\" srcset=\"https:\/\/arkan-group.de\/rb\/wp-content\/uploads\/2023\/08\/hotx3.jpg 574w, https:\/\/arkan-group.de\/rb\/wp-content\/uploads\/2023\/08\/hotx3-300x163.jpg 300w\" sizes=\"(max-width: 574px) 100vw, 574px\" \/><\/div><\/li><\/ul><div class='avia-slideshow-arrows avia-slideshow-controls' ><a href='#prev' class='prev-slide ' aria-hidden='true' data-av_icon='\ue87c' data-av_iconfont='entypo-fontello'  tabindex='-1'>Zur\u00fcck<\/a><a href='#next' class='next-slide ' aria-hidden='true' data-av_icon='\ue87d' data-av_iconfont='entypo-fontello'  tabindex='-1'>Weiter<\/a><\/div><\/div>\n\n<style type=\"text\/css\" data-created_by=\"avia_inline_auto\" id=\"style-css-av-2u2eno-05ba9ef2c8f33d015ce3954e983fe50e\">\n#top .flex_column.av-2u2eno-05ba9ef2c8f33d015ce3954e983fe50e{\nmargin-top:0px;\nmargin-bottom:0px;\n}\n.flex_column.av-2u2eno-05ba9ef2c8f33d015ce3954e983fe50e{\nborder-radius:0px 0px 0px 0px;\npadding:0px 0px 0px 0px;\n}\n.responsive #top #wrap_all .flex_column.av-2u2eno-05ba9ef2c8f33d015ce3954e983fe50e{\nmargin-top:0px;\nmargin-bottom:0px;\n}\n<\/style>\n<div  class='flex_column av-2u2eno-05ba9ef2c8f33d015ce3954e983fe50e av_one_full  avia-builder-el-1  el_after_av_slideshow  el_before_av_one_half  first flex_column_div av-animated-generic bottom-to-top av-zero-column-padding  '     ><p>\n<style type=\"text\/css\" data-created_by=\"avia_inline_auto\" id=\"style-css-av-2opz6s-6a0c63e82622f18a8e0c830f5ae0622d\">\n#top .av-special-heading.av-2opz6s-6a0c63e82622f18a8e0c830f5ae0622d{\npadding-bottom:0;\n}\nbody .av-special-heading.av-2opz6s-6a0c63e82622f18a8e0c830f5ae0622d .av-special-heading-tag .heading-char{\nfont-size:25px;\n}\n.av-special-heading.av-2opz6s-6a0c63e82622f18a8e0c830f5ae0622d .av-subheading{\nfont-size:15px;\n}\n<\/style>\n<div  class='av-special-heading av-2opz6s-6a0c63e82622f18a8e0c830f5ae0622d av-special-heading-h2 blockquote modern-quote  avia-builder-el-2  el_before_av_hr  avia-builder-el-first '><h2 class='av-special-heading-tag'  itemprop=\"headline\"  >Nachhaltiges Bauen<\/h2><div class=\"special-heading-border\"><div class=\"special-heading-inner-border\"><\/div><\/div><\/div><br \/>\n\n<style type=\"text\/css\" data-created_by=\"avia_inline_auto\" id=\"style-css-av-2muxlw-1da6ab349d3eefd7e0f837b5bbcb717c\">\n#top .hr.av-2muxlw-1da6ab349d3eefd7e0f837b5bbcb717c{\nmargin-top:10px;\nmargin-bottom:10px;\n}\n.hr.av-2muxlw-1da6ab349d3eefd7e0f837b5bbcb717c .hr-inner{\nwidth:50px;\nborder-color:#efbb20;\n}\n<\/style>\n<div  class='hr av-2muxlw-1da6ab349d3eefd7e0f837b5bbcb717c hr-custom  avia-builder-el-3  el_after_av_heading  avia-builder-el-last  hr-left hr-icon-no'><span class='hr-inner inner-border-av-border-fat'><span class=\"hr-inner-style\"><\/span><\/span><\/div><\/p><\/div>\n\n<style type=\"text\/css\" data-created_by=\"avia_inline_auto\" id=\"style-css-av-ulyk-550951b6ef9de228bc6cf775ae49ae91\">\n#top .flex_column.av-ulyk-550951b6ef9de228bc6cf775ae49ae91{\nmargin-top:0px;\nmargin-bottom:0px;\n}\n.flex_column.av-ulyk-550951b6ef9de228bc6cf775ae49ae91{\nborder-radius:0px 0px 0px 0px;\npadding:0px 0px 0px 0px;\n}\n.responsive #top #wrap_all .flex_column.av-ulyk-550951b6ef9de228bc6cf775ae49ae91{\nmargin-top:0px;\nmargin-bottom:0px;\n}\n<\/style>\n<div  class='flex_column av-ulyk-550951b6ef9de228bc6cf775ae49ae91 av_one_half  avia-builder-el-4  el_after_av_one_full  el_before_av_one_half  first flex_column_div av-animated-generic bottom-to-top av-zero-column-padding  column-top-margin'     ><section  class='av_textblock_section av-26ahdw-97cc6f34f38ba3ecf034d4c4eb849130 '   itemscope=\"itemscope\" itemtype=\"https:\/\/schema.org\/CreativeWork\" ><div class='avia_textblock'  itemprop=\"text\" ><p><b>Nachhaltiges Bauen<\/b>\u00a0bezeichnet einen Planungs- und Bauausf\u00fchrungsprozess und eine Nutzungsweise, die auf Nachhaltigkeit ausgerichtet sind; d.\u00a0h. auf Bewahrung des \u00d6kosystems und der Umwelt, auf den Nutzen f\u00fcr Mensch und Gesellschaft, und auf Optimierung und Steigerung der \u00f6konomischen Potenziale eines Geb\u00e4udes. (<a href=\"https:\/\/de.wikipedia.org\/wiki\/Nachhaltiges_Bauen\">Wikipedia<\/a>)<\/p>\n<\/div><\/section><\/div>\n\n<style type=\"text\/css\" data-created_by=\"avia_inline_auto\" id=\"style-css-av-24hh3w-e0e972bbd7f578f0e96604598475f28b\">\n#top .flex_column.av-24hh3w-e0e972bbd7f578f0e96604598475f28b{\nmargin-top:0px;\nmargin-bottom:0px;\n}\n.flex_column.av-24hh3w-e0e972bbd7f578f0e96604598475f28b{\nborder-radius:0px 0px 0px 0px;\npadding:0px 0px 0px 0px;\n}\n.responsive #top #wrap_all .flex_column.av-24hh3w-e0e972bbd7f578f0e96604598475f28b{\nmargin-top:0px;\nmargin-bottom:0px;\n}\n<\/style>\n<div  class='flex_column av-24hh3w-e0e972bbd7f578f0e96604598475f28b av_one_half  avia-builder-el-6  el_after_av_one_half  el_before_av_one_full  flex_column_div av-animated-generic bottom-to-top av-zero-column-padding  column-top-margin'     ><style type=\"text\/css\" data-created_by=\"avia_inline_auto\" id=\"style-css-av-6v698-bdca1f097ed28e420df659311d0e27a7\">\n.avia-image-container.av-6v698-bdca1f097ed28e420df659311d0e27a7 img.avia_image{\nbox-shadow:none;\n}\n.avia-image-container.av-6v698-bdca1f097ed28e420df659311d0e27a7 .av-image-caption-overlay-center{\ncolor:#ffffff;\n}\n<\/style>\n<div  class='avia-image-container av-6v698-bdca1f097ed28e420df659311d0e27a7 av-styling-no-styling avia-align-center  avia-builder-el-7  avia-builder-el-no-sibling '   itemprop=\"image\" itemscope=\"itemscope\" itemtype=\"https:\/\/schema.org\/ImageObject\" ><div class=\"avia-image-container-inner\"><div class=\"avia-image-overlay-wrap\"><img decoding=\"async\" class='wp-image-258 avia-img-lazy-loading-not-258 avia_image ' src=\"https:\/\/arkan-group.de\/rb\/wp-content\/uploads\/2023\/08\/garage-1149542_1920-350x196-1.jpg\" alt='' title='garage-1149542_1920-350x196'  height=\"196\" width=\"350\"  itemprop=\"thumbnailUrl\" srcset=\"https:\/\/arkan-group.de\/rb\/wp-content\/uploads\/2023\/08\/garage-1149542_1920-350x196-1.jpg 350w, https:\/\/arkan-group.de\/rb\/wp-content\/uploads\/2023\/08\/garage-1149542_1920-350x196-1-300x168.jpg 300w\" sizes=\"(max-width: 350px) 100vw, 350px\" \/><\/div><\/div><\/div><\/div>\n\n<style type=\"text\/css\" data-created_by=\"avia_inline_auto\" id=\"style-css-av-1goab8-1336c9221719d686e6f565a969967be7\">\n.flex_column.av-1goab8-1336c9221719d686e6f565a969967be7{\nborder-radius:0px 0px 0px 0px;\npadding:0px 0px 0px 0px;\n}\n<\/style>\n<div  class='flex_column av-1goab8-1336c9221719d686e6f565a969967be7 av_one_full  avia-builder-el-8  el_after_av_one_half  el_before_av_one_full  first flex_column_div av-animated-generic bottom-to-top av-zero-column-padding  column-top-margin'     ><p>\n<style type=\"text\/css\" data-created_by=\"avia_inline_auto\" id=\"style-css-av-18qff0-f43ac5b95ea284bd2ed907341ccff411\">\n#top .av-special-heading.av-18qff0-f43ac5b95ea284bd2ed907341ccff411{\npadding-bottom:0;\n}\nbody .av-special-heading.av-18qff0-f43ac5b95ea284bd2ed907341ccff411 .av-special-heading-tag .heading-char{\nfont-size:25px;\n}\n.av-special-heading.av-18qff0-f43ac5b95ea284bd2ed907341ccff411 .av-subheading{\nfont-size:15px;\n}\n<\/style>\n<div  class='av-special-heading av-18qff0-f43ac5b95ea284bd2ed907341ccff411 av-special-heading-h2 blockquote modern-quote  avia-builder-el-9  el_before_av_hr  avia-builder-el-first '><h2 class='av-special-heading-tag'  itemprop=\"headline\"  >Mit nachhaltigem Bauen \u2013 Mehrwerte schaffen<\/h2><div class=\"special-heading-border\"><div class=\"special-heading-inner-border\"><\/div><\/div><\/div><br \/>\n\n<style type=\"text\/css\" data-created_by=\"avia_inline_auto\" id=\"style-css-av-11fbys-00b21ca4bebe009167b001867abc20b4\">\n#top .hr.av-11fbys-00b21ca4bebe009167b001867abc20b4{\nmargin-top:10px;\nmargin-bottom:10px;\n}\n.hr.av-11fbys-00b21ca4bebe009167b001867abc20b4 .hr-inner{\nwidth:50px;\nborder-color:#efbb20;\n}\n<\/style>\n<div  class='hr av-11fbys-00b21ca4bebe009167b001867abc20b4 hr-custom  avia-builder-el-10  el_after_av_heading  el_before_av_textblock  hr-left hr-icon-no'><span class='hr-inner inner-border-av-border-fat'><span class=\"hr-inner-style\"><\/span><\/span><\/div><br \/>\n<section  class='av_textblock_section av-v8c6s-bb775c2e354d4da89d96b2f1145c2e7b '   itemscope=\"itemscope\" itemtype=\"https:\/\/schema.org\/CreativeWork\" ><div class='avia_textblock'  itemprop=\"text\" ><p>Wir haben die Verantwortung, unsere Welt und Gesellschaft in einer ausgeglichenen Weise mit Gesundheit, Sicherheit und Wohlbefinden zu erhalten.<\/p>\n<p><strong>Unserer Leistungen im Einzelnen:<\/strong><\/p>\n<ul>\n<li>\u00d6kobilanz<\/li>\n<li>Umweltproduktdeklarationen<\/li>\n<li>Lebenszykluskosten<\/li>\n<li>Wirtschaftlichkeitsbetrachtungen<\/li>\n<li>Green Building nach DGNB, LEED, BREEAM<\/li>\n<li>EcoDesign<\/li>\n<li>Nachhaltigkeitskommunikation<\/li>\n<\/ul>\n<p><strong>Integrative Planungs- und Bauprozesse<\/strong><\/p>\n<p>Nachhaltiges Planen und Bauen macht eine integrative Planung mit ganzheitlichem Ansatz erforderlich.\u00a0Integrative Planungs- und Bauprozesse ber\u00fccksichtigen die\u00a0strukturellen, funktionalen, stofflichen und \u00e4sthetischen Verkn\u00fcpfungen innerhalb der Planungs- und Bauaufgabe.<\/p>\n<p>Eine klimatisch sinnvolle Geb\u00e4udekonzeption ist nur mit R\u00fccksicht auf Standort und Nutzung m\u00f6glich. Wesentliches\u00a0Erfolgskriterium der integrativen Planung ist die fr\u00fchzeitige\u00a0Einbindung aller beteiligten Akteure unter der koordinierenden\u00a0Leitung durch einen Planer bzw. Projektsteuerer.<\/p>\n<\/div><\/section><\/p><\/div>\n\n<style type=\"text\/css\" data-created_by=\"avia_inline_auto\" id=\"style-css-av-1p3wv8-af53bf9d927a88f73adcd52e6af509aa\">\n.flex_column.av-1p3wv8-af53bf9d927a88f73adcd52e6af509aa{\nborder-width:1px;\nborder-color:#e1e1e1;\nborder-style:solid;\nborder-radius:0px 0px 0px 0px;\npadding:20px 20px 20px 20px;\nbackground-color:#fcfcfc;\n}\n<\/style>\n<div  class='flex_column av-1p3wv8-af53bf9d927a88f73adcd52e6af509aa av_one_full  avia-builder-el-12  el_after_av_one_full  avia-builder-el-last  first flex_column_div av-animated-generic bottom-to-top  column-top-margin'     ><section  class='av_textblock_section av-1jhavw-0f60c6ee421321fe76f37a6ef919ef95 '   itemscope=\"itemscope\" itemtype=\"https:\/\/schema.org\/CreativeWork\" ><div class='avia_textblock'  itemprop=\"text\" ><h4>Die Gesamtwirtschaftlichkeit\u00a0des Projekts mit Blick auf die Herstellungs-, Betriebs- und\u00a0Nutzungskosten k\u00f6nnen durch nachhaltiges Bauen deutlich verbessert werden. Ein in sich stimmiges\u00a0aber flexibles Konzept erlaubt zudem auch eine schrittweise\u00a0bauliche Umsetzung.<\/h4>\n<\/div><\/section><\/div>\n","protected":false},"excerpt":{"rendered":"","protected":false},"author":1,"featured_media":0,"parent":25,"menu_order":4,"comment_status":"closed","ping_status":"closed","template":"","meta":{"footnotes":""},"_links":{"self":[{"href":"https:\/\/arkan-group.de\/rb\/wp-json\/wp\/v2\/pages\/140"}],"collection":[{"href":"https:\/\/arkan-group.de\/rb\/wp-json\/wp\/v2\/pages"}],"about":[{"href":"https:\/\/arkan-group.de\/rb\/wp-json\/wp\/v2\/types\/page"}],"author":[{"embeddable":true,"href":"https:\/\/arkan-group.de\/rb\/wp-json\/wp\/v2\/users\/1"}],"replies":[{"embeddable":true,"href":"https:\/\/arkan-group.de\/rb\/wp-json\/wp\/v2\/comments?post=140"}],"version-history":[{"count":4,"href":"https:\/\/arkan-group.de\/rb\/wp-json\/wp\/v2\/pages\/140\/revisions"}],"predecessor-version":[{"id":550,"href":"https:\/\/arkan-group.de\/rb\/wp-json\/wp\/v2\/pages\/140\/revisions\/550"}],"up":[{"embeddable":true,"href":"https:\/\/arkan-group.de\/rb\/wp-json\/wp\/v2\/pages\/25"}],"wp:attachment":[{"href":"https:\/\/arkan-group.de\/rb\/wp-json\/wp\/v2\/media?parent=140"}],"curies":[{"name":"wp","href":"https:\/\/api.w.org\/{rel}","templated":true}]}}