{"id":588,"date":"2024-11-14T20:47:19","date_gmt":"2024-11-14T20:47:19","guid":{"rendered":"https:\/\/arkan-group.de\/rb\/?page_id=588"},"modified":"2025-01-11T19:21:57","modified_gmt":"2025-01-11T19:21:57","slug":"neue-projekte","status":"publish","type":"page","link":"https:\/\/arkan-group.de\/rb\/projekte\/neue-projekte\/","title":{"rendered":"Projektentwicklung"},"content":{"rendered":"<section  class='av_textblock_section av-m5sk2r0e-f999ce26b20b5bd0c54145a42fb2b867 '   itemscope=\"itemscope\" itemtype=\"https:\/\/schema.org\/CreativeWork\" ><div class='avia_textblock'  itemprop=\"text\" ><h2>Projektentwicklung<\/h2>\n<\/div><\/section>\n<div  class='hr av-av_hr-91d7ccd583a503147498e120fee2ff9b hr-default  avia-builder-el-1  el_after_av_textblock  el_before_av_textblock '><span class='hr-inner '><span class=\"hr-inner-style\"><\/span><\/span><\/div>\n<section  class='av_textblock_section av-m5sk59zd-2f0428aa69342425801fd3f541ca978f '   itemscope=\"itemscope\" itemtype=\"https:\/\/schema.org\/CreativeWork\" ><div class='avia_textblock'  itemprop=\"text\" ><h3>Eigene Entwicklungsprojekte zum Verkauf:<\/h3>\n<\/div><\/section>\n<div  class='togglecontainer av-m3hs5mta-c6b197b389bd265f2a2b58fa379d6337  avia-builder-el-3  el_after_av_textblock  avia-builder-el-last  toggle_close_all' >\n<section class='av_toggle_section av-gfyn0-cb4ae78d0190438b7a45724a642cdefe'  itemscope=\"itemscope\" itemtype=\"https:\/\/schema.org\/CreativeWork\" ><div role=\"tablist\" class=\"single_toggle\" data-tags=\"{Alle} \"  ><p data-fake-id='#toggle-id-1' class='toggler   '  itemprop=\"headline\"  role='tab' tabindex='0' aria-controls='toggle-id-1'>14532 Kleinmachnow, Schubertweg 15<span class=\"toggle_icon\"><span class=\"vert_icon\"><\/span><span class=\"hor_icon\"><\/span><\/span><\/p><div id='toggle-id-1' class='toggle_wrap  '  ><div class='toggle_content invers-color '  itemprop=\"text\" ><p>anbei erhalten Sie die Projektdetails f\u00fcr Schubertweg 15, 14532 Kleinmachnow, sowie eine Machbarkeitsberechnung. Diese umfasst die Grundst\u00fccksverk\u00e4ufe inklusive Planung und schl\u00fcsselfertiger Baukosten.<\/p>\n<p><a href=\"https:\/\/arkan-group.de\/rb\/wp-content\/uploads\/2024\/11\/Projekt-Schubertweg-15-14532-Kleinmachnow.07.11.24.pdf\">Projekt Schubertweg 15 14532 Kleinmachnow.07.11.24<\/a><\/p>\n<p><a href=\"https:\/\/arkan-group.de\/rb\/wp-content\/uploads\/2024\/11\/Projekt-Schubertweg-15-14532-Kleinmachnow.pdf\">Projekt Schubertweg 15 14532 Kleinmachnow<\/a><\/p>\n<\/div><\/div><\/div><\/section>\n<section class='av_toggle_section av-9lb0c-2ca041cd41f2196ba969dd83bc80be34'  itemscope=\"itemscope\" itemtype=\"https:\/\/schema.org\/CreativeWork\" ><div role=\"tablist\" class=\"single_toggle\" data-tags=\"{Alle} \"  ><p data-fake-id='#toggle-id-2' class='toggler   '  itemprop=\"headline\"  role='tab' tabindex='0' aria-controls='toggle-id-2'>Falkenseer Stra\u00dfe, Ecke Nauener Stra\u00dfe, 14621 Sch\u00f6nwalde-Glien, UND Perwenitzer Stra\u00dfe, gegen\u00fcber Hausnummer 33, 14621 Sch\u00f6nwalde-Glien<span class=\"toggle_icon\"><span class=\"vert_icon\"><\/span><span class=\"hor_icon\"><\/span><\/span><\/p><div id='toggle-id-2' class='toggle_wrap  '  ><div class='toggle_content invers-color '  itemprop=\"text\" ><p>anbei \u00fcbersenden wir Ihnen die Projektdetails zu den beiden Vorhaben:<\/p>\n<p>1. Falkenseer Stra\u00dfe, Ecke Nauener Stra\u00dfe, 14621 Sch\u00f6nwalde-Glien<br \/>\n2. Perwenitzer Stra\u00dfe, gegen\u00fcber Hausnummer 33, 14621 Sch\u00f6nwalde-Glien<\/p>\n<p>Ebenfalls enthalten ist eine Machbarkeitsberechnung, welche die Grundst\u00fccksverk\u00e4ufe einschlie\u00dflich Planung und schl\u00fcsselfertiger Baukosten umfasst<\/p>\n<p><a href=\"https:\/\/arkan-group.de\/rb\/wp-content\/uploads\/2024\/11\/Projekt-14621-Schoenwalde-Glien-OT-Schoenwalde-Siedlung.07.11.24-.pdf\">Projekt 14621 Sch\u00f6nwalde-Glien OT Sch\u00f6nwalde-Siedlung.07.11.24<\/a><\/p>\n<p><a href=\"https:\/\/arkan-group.de\/rb\/wp-content\/uploads\/2024\/11\/Projekt-14621-Falkenseer-Strasse-Ecke-Nauener-Strasse.pdf\">Projekt 14621 Falkenseer Stra\u00dfe, Ecke Nauener Stra\u00dfe<\/a><\/p>\n<p><a href=\"https:\/\/arkan-group.de\/rb\/wp-content\/uploads\/2024\/11\/Projekt-14621-Schoenwalde-Spandau-Perwenitzer-St.pdf\">Projekt 14621 Sch\u00f6nwalde Spandau, Perwenitzer St<\/a><\/p>\n<\/div><\/div><\/div><\/section>\n<section class='av_toggle_section av-m5sk8lrj-975342f714400881be4a869759d6d7e1'  itemscope=\"itemscope\" itemtype=\"https:\/\/schema.org\/CreativeWork\" ><div role=\"tablist\" class=\"single_toggle\" data-tags=\"{Alle} \"  ><p data-fake-id='#toggle-id-3' class='toggler   '  itemprop=\"headline\"  role='tab' tabindex='0' aria-controls='toggle-id-3'>16909 Wittstock\/Dosse<span class=\"toggle_icon\"><span class=\"vert_icon\"><\/span><span class=\"hor_icon\"><\/span><\/span><\/p><div id='toggle-id-3' class='toggle_wrap  '  ><div class='toggle_content invers-color '  itemprop=\"text\" ><p>Sanierung eines Altbestands:<\/p>\n<p><a href=\"https:\/\/arkan-group.de\/rb\/wp-content\/uploads\/2025\/01\/Wittstock.Dosse-Werderstr.20-ImmobilienInvestment_08.11.2024.pdf\">Wittstock.Dosse Werderstr.20 ImmobilienInvestment_08.11.2024<\/a><\/p>\n<\/div><\/div><\/div><\/section>\n<section class='av_toggle_section av-m5skb1xr-dda6cc99ba810426f3fd135cb1ed526b'  itemscope=\"itemscope\" itemtype=\"https:\/\/schema.org\/CreativeWork\" ><div role=\"tablist\" class=\"single_toggle\" data-tags=\"{Alle} \"  ><p data-fake-id='#toggle-id-4' class='toggler   '  itemprop=\"headline\"  role='tab' tabindex='0' aria-controls='toggle-id-4'>17337 Sch\u00f6nhausen - Dorfstra\u00dfe 68<span class=\"toggle_icon\"><span class=\"vert_icon\"><\/span><span class=\"hor_icon\"><\/span><\/span><\/p><div id='toggle-id-4' class='toggle_wrap  '  ><div class='toggle_content invers-color '  itemprop=\"text\" ><p>Neubau<\/p>\n<p><a href=\"https:\/\/arkan-group.de\/rb\/wp-content\/uploads\/2025\/01\/17337-Schoenhausen-Dorfstrasse-68-Grundstuecks-Groessr.1.115-m\u00b2.pdf\">17337 Sch\u00f6nhausen &#8211; Dorfstra\u00dfe 68 Grundst\u00fccks Gr\u00f6\u00dfr.1.115 m\u00b2<\/a><\/p>\n<\/div><\/div><\/div><\/section>\n<section class='av_toggle_section av-m5ske8wh-47bd0b3b40593929f915c6f82d97304a'  itemscope=\"itemscope\" itemtype=\"https:\/\/schema.org\/CreativeWork\" ><div role=\"tablist\" class=\"single_toggle\" data-tags=\"{Alle} \"  ><p data-fake-id='#toggle-id-5' class='toggler   '  itemprop=\"headline\"  role='tab' tabindex='0' aria-controls='toggle-id-5'>06386 Osternienburger Land Ot Micheln Siedlung<span class=\"toggle_icon\"><span class=\"vert_icon\"><\/span><span class=\"hor_icon\"><\/span><\/span><\/p><div id='toggle-id-5' class='toggle_wrap  '  ><div class='toggle_content invers-color '  itemprop=\"text\" ><p>Neubau<\/p>\n<p><a href=\"https:\/\/arkan-group.de\/rb\/wp-content\/uploads\/2025\/01\/06386-Osternienburger-Land-Ot-Micheln-Siedlung-.pdf\">06386 Osternienburger Land Ot Micheln Siedlung<\/a><\/p>\n<\/div><\/div><\/div><\/section>\n<section class='av_toggle_section av-m5skok6a-f9cec9313d328abd7bb0a33af7060026'  itemscope=\"itemscope\" itemtype=\"https:\/\/schema.org\/CreativeWork\" ><div role=\"tablist\" class=\"single_toggle\" data-tags=\"{Alle} \"  ><p data-fake-id='#toggle-id-6' class='toggler   '  itemprop=\"headline\"  role='tab' tabindex='0' aria-controls='toggle-id-6'>15913 M\u00e4rkische Heide<span class=\"toggle_icon\"><span class=\"vert_icon\"><\/span><span class=\"hor_icon\"><\/span><\/span><\/p><div id='toggle-id-6' class='toggle_wrap  '  ><div class='toggle_content invers-color '  itemprop=\"text\" ><p>Neubau<\/p>\n<p><a href=\"https:\/\/arkan-group.de\/rb\/wp-content\/uploads\/2025\/01\/Projekt-15913-Maerkische-Heide.pdf\">Projekt 15913 M\u00e4rkische Heide<\/a><\/p>\n<\/div><\/div><\/div><\/section>\n<\/div>\n","protected":false},"excerpt":{"rendered":"","protected":false},"author":1,"featured_media":0,"parent":583,"menu_order":2,"comment_status":"closed","ping_status":"closed","template":"","meta":{"footnotes":""},"_links":{"self":[{"href":"https:\/\/arkan-group.de\/rb\/wp-json\/wp\/v2\/pages\/588"}],"collection":[{"href":"https:\/\/arkan-group.de\/rb\/wp-json\/wp\/v2\/pages"}],"about":[{"href":"https:\/\/arkan-group.de\/rb\/wp-json\/wp\/v2\/types\/page"}],"author":[{"embeddable":true,"href":"https:\/\/arkan-group.de\/rb\/wp-json\/wp\/v2\/users\/1"}],"replies":[{"embeddable":true,"href":"https:\/\/arkan-group.de\/rb\/wp-json\/wp\/v2\/comments?post=588"}],"version-history":[{"count":11,"href":"https:\/\/arkan-group.de\/rb\/wp-json\/wp\/v2\/pages\/588\/revisions"}],"predecessor-version":[{"id":694,"href":"https:\/\/arkan-group.de\/rb\/wp-json\/wp\/v2\/pages\/588\/revisions\/694"}],"up":[{"embeddable":true,"href":"https:\/\/arkan-group.de\/rb\/wp-json\/wp\/v2\/pages\/583"}],"wp:attachment":[{"href":"https:\/\/arkan-group.de\/rb\/wp-json\/wp\/v2\/media?parent=588"}],"curies":[{"name":"wp","href":"https:\/\/api.w.org\/{rel}","templated":true}]}}